{"id":459,"date":"2021-03-09T14:16:17","date_gmt":"2021-03-09T12:16:17","guid":{"rendered":"https:\/\/kaali.edu.ee\/?page_id=459"},"modified":"2026-02-12T09:48:30","modified_gmt":"2026-02-12T07:48:30","slug":"dokumendid","status":"publish","type":"page","link":"https:\/\/kaali.edu.ee\/?page_id=459","title":{"rendered":"DOKUMENDID"},"content":{"rendered":"<p><a href=\"https:\/\/kaali.edu.ee\/wp-content\/uploads\/2021\/03\/Kaali-kooli-arengukava-eelnou-2021.pdf\">Kaali Kooli arengukava<\/a><\/p>\n<p><a href=\"https:\/\/kaali.edu.ee\/wp-content\/uploads\/2019\/11\/2019_Isikuandmete_tootlemine_Kaali_koolis.pdf\">Isikuandmete t\u00f6\u00f6tlemine<\/a><\/p>\n<p><a href=\"https:\/\/kaali.edu.ee\/wp-content\/uploads\/2023\/09\/Kodukord-2023.pdf\">Kooli kodukord<\/a><\/p>\n<p><a href=\"https:\/\/kaali.edu.ee\/wp-content\/uploads\/2021\/03\/Oppetoo-korraldus-ja-hindamine-osalise-voi-taieliku-distantsoppe-ajal-Kaali-Koolis.pdf\">\u00d5ppekorraldus distants\u00f5ppe ajal<\/a><\/p>\n<p><a href=\"https:\/\/kaali.edu.ee\/wp-content\/uploads\/2018\/10\/Kaali-Kooli-sisehindamise-aruanne-2015_2017.pdf\">Sisehindamise aruanne<\/a><\/p>\n<p><a href=\"https:\/\/kaali.edu.ee\/wp-content\/uploads\/2018\/10\/vastuvtukord.pdf\">Vastuv\u00f5tukord<\/a><\/p>\n<p><a href=\"https:\/\/kaali.edu.ee\/wp-content\/uploads\/2018\/10\/TAOTLUS-E-KOOLI-M\u00c4\u00c4RAMINE-1.-KL.pdf\">Taotlus elukohaj\u00e4rgse kooli m\u00e4\u00e4ramiseks<\/a><\/p>\n","protected":false},"excerpt":{"rendered":"<p>Kaali Kooli arengukava Isikuandmete t\u00f6\u00f6tlemine Kooli kodukord \u00d5ppekorraldus distants\u00f5ppe ajal Sisehindamise aruanne Vastuv\u00f5tukord Taotlus elukohaj\u00e4rgse kooli m\u00e4\u00e4ramiseks<\/p>\n","protected":false},"author":2,"featured_media":0,"parent":81,"menu_order":1,"comment_status":"closed","ping_status":"closed","template":"","meta":{"footnotes":""},"class_list":["post-459","page","type-page","status-publish"],"_links":{"self":[{"href":"https:\/\/kaali.edu.ee\/index.php?rest_route=\/wp\/v2\/pages\/459","targetHints":{"allow":["GET"]}}],"collection":[{"href":"https:\/\/kaali.edu.ee\/index.php?rest_route=\/wp\/v2\/pages"}],"about":[{"href":"https:\/\/kaali.edu.ee\/index.php?rest_route=\/wp\/v2\/types\/page"}],"author":[{"embeddable":true,"href":"https:\/\/kaali.edu.ee\/index.php?rest_route=\/wp\/v2\/users\/2"}],"replies":[{"embeddable":true,"href":"https:\/\/kaali.edu.ee\/index.php?rest_route=%2Fwp%2Fv2%2Fcomments&post=459"}],"version-history":[{"count":12,"href":"https:\/\/kaali.edu.ee\/index.php?rest_route=\/wp\/v2\/pages\/459\/revisions"}],"predecessor-version":[{"id":694,"href":"https:\/\/kaali.edu.ee\/index.php?rest_route=\/wp\/v2\/pages\/459\/revisions\/694"}],"up":[{"embeddable":true,"href":"https:\/\/kaali.edu.ee\/index.php?rest_route=\/wp\/v2\/pages\/81"}],"wp:attachment":[{"href":"https:\/\/kaali.edu.ee\/index.php?rest_route=%2Fwp%2Fv2%2Fmedia&parent=459"}],"curies":[{"name":"wp","href":"https:\/\/api.w.org\/{rel}","templated":true}]}}