{"id":441,"date":"2021-03-09T12:35:46","date_gmt":"2021-03-09T10:35:46","guid":{"rendered":"https:\/\/kaali.edu.ee\/?page_id=441"},"modified":"2025-09-09T09:05:38","modified_gmt":"2025-09-09T06:05:38","slug":"tugiteenused","status":"publish","type":"page","link":"https:\/\/kaali.edu.ee\/?page_id=441","title":{"rendered":"Tugiteenused"},"content":{"rendered":"<p style=\"font-weight: 400;\">K\u00fcsimuste korral lapse arengu kohta saab lapsevanem p\u00f6\u00f6rduda r\u00fchma\u00f5petaja, klassijuhataja,\u00a0tugikeskuse spetsialistide v\u00f5i tugimeeskonna juhi ehk HEVKO\/AEVKO poole (HEVKO on\u00a0hariduslike erivajadustega \u00f5pilaste koordinaator, AEVKO on arenguliste erivajaduste laste\u00a0koordinaator).<br \/>\nKaali kooli tugimeeskond:<br \/>\nHEVKO, AEVKO \u2013 Kristine J\u00e4rsk\u00a0 \u00a0 \u00a0 kaali.kool@saare.edu.ee<\/p>\n<p style=\"font-weight: 400;\"><strong>Kaali koolis osutavad haridustugiteenuseid Saaremaa Toetava Hariduse Keskuse logopeed\u00a0 ja sotsiaalpedagoog.<\/strong><\/p>\n<p style=\"font-weight: 400;\">Logopeedi t\u00f6\u00f6 eesm\u00e4rgiks on lapse kommunikatsiooniv\u00f5ime st suulise ja kirjaliku k\u00f5ne loome- ja m\u00f5istmisoskuse, h\u00e4\u00e4le ning mitteverbaalse suhtlemise arendamine ja\/v\u00f5i parandamine. Logopeedi \u00fclesandeks lapse kommunikatsiooniv\u00f5ime hindamine, kommunikatsioonih\u00e4iretega lapse v\u00e4ljaselgitamine, tema suulise ja kirjaliku k\u00f5ne arengu toetamine ning talle sobiva suhtluskeskkonna soovitamine; \u00f5petajate ja vanemate toetamine lapse kommunikatsiooniv\u00f5ime arendamisel, taastamisel ja kompenseerimisel ning individuaal- ja r\u00fchmatundide l\u00e4biviimine.<\/p>\n<p>Logopeedi kontakt: Eerika Sepp <span style=\"color: #0563c1;\"><u><a href=\"mailto:eerika.sepp@sthk.edu.ee\">eerika.sepp@sthk.edu.ee<\/a><\/u><\/span><\/p>\n<p style=\"font-weight: 400;\">Sotsiaalpedagoogi t\u00f6\u00f6 eesm\u00e4rk on aidata kaasa heade suhete kujunemisele laste endi ning laste ja \u00f5petajate vahel. Sotsialiseerumistoe korraldamisel loob sotsiaalpedagoog vajadusel laste toetuseks v\u00f5rgustiku, kuhu on kaasa haaratud nii lapsevanemad, \u00f5petajad, teised tugispetsialistid ja r\u00fchmakaaslased.<\/p>\n<p>Sotsiaalpedagoog on majas neljap\u00e4eviti 8.30-15.00<\/p>\n<p>Kontakt: Signe L\u00f5hmus <span style=\"color: #0563c1;\"><u><a href=\"mailto:signe.lohmus@sthk.edu.ee\">signe.lohmus@sthk.edu.ee<\/a><\/u><\/span><\/p>\n<p>Telefon 57822377<\/p>\n","protected":false},"excerpt":{"rendered":"<p>K\u00fcsimuste korral lapse arengu kohta saab lapsevanem p\u00f6\u00f6rduda r\u00fchma\u00f5petaja, klassijuhataja,\u00a0tugikeskuse spetsialistide v\u00f5i tugimeeskonna juhi ehk HEVKO\/AEVKO poole (HEVKO on\u00a0hariduslike erivajadustega \u00f5pilaste koordinaator, AEVKO on arenguliste erivajaduste laste\u00a0koordinaator). Kaali kooli tugimeeskond: HEVKO, AEVKO \u2013 Kristine J\u00e4rsk\u00a0 \u00a0 \u00a0 kaali.kool@saare.edu.ee Kaali koolis osutavad haridustugiteenuseid Saaremaa Toetava Hariduse Keskuse logopeed\u00a0 ja sotsiaalpedagoog. Logopeedi t\u00f6\u00f6 eesm\u00e4rgiks on lapse kommunikatsiooniv\u00f5ime &#8230; <a title=\"Tugiteenused\" class=\"read-more\" href=\"https:\/\/kaali.edu.ee\/?page_id=441\" aria-label=\"Read more about Tugiteenused\">Read more<\/a><\/p>\n","protected":false},"author":2,"featured_media":0,"parent":81,"menu_order":1,"comment_status":"closed","ping_status":"closed","template":"","meta":{"footnotes":""},"class_list":["post-441","page","type-page","status-publish"],"_links":{"self":[{"href":"https:\/\/kaali.edu.ee\/index.php?rest_route=\/wp\/v2\/pages\/441","targetHints":{"allow":["GET"]}}],"collection":[{"href":"https:\/\/kaali.edu.ee\/index.php?rest_route=\/wp\/v2\/pages"}],"about":[{"href":"https:\/\/kaali.edu.ee\/index.php?rest_route=\/wp\/v2\/types\/page"}],"author":[{"embeddable":true,"href":"https:\/\/kaali.edu.ee\/index.php?rest_route=\/wp\/v2\/users\/2"}],"replies":[{"embeddable":true,"href":"https:\/\/kaali.edu.ee\/index.php?rest_route=%2Fwp%2Fv2%2Fcomments&post=441"}],"version-history":[{"count":8,"href":"https:\/\/kaali.edu.ee\/index.php?rest_route=\/wp\/v2\/pages\/441\/revisions"}],"predecessor-version":[{"id":670,"href":"https:\/\/kaali.edu.ee\/index.php?rest_route=\/wp\/v2\/pages\/441\/revisions\/670"}],"up":[{"embeddable":true,"href":"https:\/\/kaali.edu.ee\/index.php?rest_route=\/wp\/v2\/pages\/81"}],"wp:attachment":[{"href":"https:\/\/kaali.edu.ee\/index.php?rest_route=%2Fwp%2Fv2%2Fmedia&parent=441"}],"curies":[{"name":"wp","href":"https:\/\/api.w.org\/{rel}","templated":true}]}}