{"id":158,"date":"2018-10-23T12:58:51","date_gmt":"2018-10-23T09:58:51","guid":{"rendered":"http:\/\/kaali.edu.ee\/?page_id=158"},"modified":"2025-06-30T13:50:34","modified_gmt":"2025-06-30T10:50:34","slug":"taustajoud","status":"publish","type":"page","link":"https:\/\/kaali.edu.ee\/?page_id=158","title":{"rendered":"Taustaj\u00f5ud"},"content":{"rendered":"<p>Et k\u00f5ik saaksid l\u00f5una ajal maitsva k\u00f5hut\u00e4ie, kannab hoolt kooli kokk \u2013 Kertu Pellja.<br \/>\nAbikokk Aime K\u00fctt aitab ka majas puhtust hoida.<br \/>\nKatrin Raev hoiab korras meie klassiruumid, koridorid, raamatukogu ja spordisaali.<br \/>\nJanek J\u00e4rsk teeb k\u00f5ik selleks, et koolimaja \u00fcmbrus oleks korras ning v\u00e4iksemad parandust\u00f6\u00f6d tehtud.<br \/>\nAndres Tamm vaatab, et k\u00fclmal ajal oleks meil tuba soe.\u00a0\u00a0<\/p>\n","protected":false},"excerpt":{"rendered":"<p>Et k\u00f5ik saaksid l\u00f5una ajal maitsva k\u00f5hut\u00e4ie, kannab hoolt kooli kokk \u2013 Kertu Pellja. Abikokk Aime K\u00fctt aitab ka majas puhtust hoida. Katrin Raev hoiab korras meie klassiruumid, koridorid, raamatukogu ja spordisaali. Janek J\u00e4rsk teeb k\u00f5ik selleks, et koolimaja \u00fcmbrus oleks korras ning v\u00e4iksemad parandust\u00f6\u00f6d tehtud. Andres Tamm vaatab, et k\u00fclmal ajal oleks meil tuba &#8230; <a title=\"Taustaj\u00f5ud\" class=\"read-more\" href=\"https:\/\/kaali.edu.ee\/?page_id=158\" aria-label=\"Read more about Taustaj\u00f5ud\">Read more<\/a><\/p>\n","protected":false},"author":1,"featured_media":0,"parent":0,"menu_order":0,"comment_status":"closed","ping_status":"closed","template":"","meta":{"footnotes":""},"class_list":["post-158","page","type-page","status-publish"],"_links":{"self":[{"href":"https:\/\/kaali.edu.ee\/index.php?rest_route=\/wp\/v2\/pages\/158","targetHints":{"allow":["GET"]}}],"collection":[{"href":"https:\/\/kaali.edu.ee\/index.php?rest_route=\/wp\/v2\/pages"}],"about":[{"href":"https:\/\/kaali.edu.ee\/index.php?rest_route=\/wp\/v2\/types\/page"}],"author":[{"embeddable":true,"href":"https:\/\/kaali.edu.ee\/index.php?rest_route=\/wp\/v2\/users\/1"}],"replies":[{"embeddable":true,"href":"https:\/\/kaali.edu.ee\/index.php?rest_route=%2Fwp%2Fv2%2Fcomments&post=158"}],"version-history":[{"count":4,"href":"https:\/\/kaali.edu.ee\/index.php?rest_route=\/wp\/v2\/pages\/158\/revisions"}],"predecessor-version":[{"id":643,"href":"https:\/\/kaali.edu.ee\/index.php?rest_route=\/wp\/v2\/pages\/158\/revisions\/643"}],"wp:attachment":[{"href":"https:\/\/kaali.edu.ee\/index.php?rest_route=%2Fwp%2Fv2%2Fmedia&parent=158"}],"curies":[{"name":"wp","href":"https:\/\/api.w.org\/{rel}","templated":true}]}}