{"id":156,"date":"2018-10-23T12:57:15","date_gmt":"2018-10-23T09:57:15","guid":{"rendered":"http:\/\/kaali.edu.ee\/?page_id=156"},"modified":"2025-06-30T13:48:23","modified_gmt":"2025-06-30T10:48:23","slug":"hoolekogu","status":"publish","type":"page","link":"https:\/\/kaali.edu.ee\/?page_id=156","title":{"rendered":"Hoolekogu"},"content":{"rendered":"<h3>Saaremaa valla koolieelsete lasteasutuste, \u00fcldhariduskooli ja huvikooli hoolekogu moodustamise kord ja hoolekogu t\u00f6\u00f6kord:<\/h3>\n<p><a href=\"https:\/\/www.riigiteataja.ee\/akt\/429102019002\" target=\"_blank\" rel=\"noopener noreferrer\">Saaremaa vallavalitsuse m\u00e4\u00e4rus nr. 13<\/a><br \/>\nVastu v\u00f5etud 16. oktoober 2019, kehtiv alates 01.11.2019<\/p>\n<p><span lang=\"EN-GB\">\u00a0Kaali Kooli hoolekogu koosseis 2024\/25 \u00f5ppeaastal:<\/span><\/p>\n<p>1.\u00a0\u00a0\u00a0\u00a0\u00a0\u00a0Keidi Amberg &#8211; J\u00e4rvehaldjate r\u00fchma lapsevanemate esindaja;<\/p>\n<p>2.\u00a0\u00a0\u00a0\u00a0\u00a0\u00a0Eerika Sepp \u2013 T\u00e4het\u00e4pside r\u00fchma esindaja<\/p>\n<p>3.\u00a0\u00a0\u00a0\u00a0\u00a0\u00a0Laura Lugus \u2013 I kooliastme lapsevanemate esindaja;<\/p>\n<p>4.\u00a0\u00a0\u00a0\u00a0\u00a0\u00a0Triin Saare \u2013 hoolekogu esimees, I kooliastme lapsevanemate esindaja;<\/p>\n<p>5.\u00a0\u00a0\u00a0\u00a0\u00a0\u00a0Heino Ottis \u2013 II kooliastme lapsevanemate esindaja;<\/p>\n<p>6.\u00a0\u00a0\u00a0\u00a0\u00a0\u00a0Annika L\u00e4tt \u2013 II kooliastme lapsevanemate esindaja;<\/p>\n<p>7.\u00a0\u00a0\u00a0\u00a0\u00a0\u00a0Thea Juht \u2013 lasteaia\u00f5petajate esindaja;<\/p>\n<p>8.\u00a0\u00a0\u00a0\u00a0\u00a0\u00a0Rainer Helde \u2013 kooli\u00f5petajate esindaja;<\/p>\n<p>9.\u00a0 \u00a0Kaire Kiil &#8211;\u00a0 pidaja esindaja<\/p>\n<div class=\"yj6qo ajU\">\u00a0<\/div>\n","protected":false},"excerpt":{"rendered":"<p>Saaremaa valla koolieelsete lasteasutuste, \u00fcldhariduskooli ja huvikooli hoolekogu moodustamise kord ja hoolekogu t\u00f6\u00f6kord: Saaremaa vallavalitsuse m\u00e4\u00e4rus nr. 13 Vastu v\u00f5etud 16. oktoober 2019, kehtiv alates 01.11.2019 \u00a0Kaali Kooli hoolekogu koosseis 2024\/25 \u00f5ppeaastal: 1.\u00a0\u00a0\u00a0\u00a0\u00a0\u00a0Keidi Amberg &#8211; J\u00e4rvehaldjate r\u00fchma lapsevanemate esindaja; 2.\u00a0\u00a0\u00a0\u00a0\u00a0\u00a0Eerika Sepp \u2013 T\u00e4het\u00e4pside r\u00fchma esindaja 3.\u00a0\u00a0\u00a0\u00a0\u00a0\u00a0Laura Lugus \u2013 I kooliastme lapsevanemate esindaja; 4.\u00a0\u00a0\u00a0\u00a0\u00a0\u00a0Triin Saare \u2013 &#8230; <a title=\"Hoolekogu\" class=\"read-more\" href=\"https:\/\/kaali.edu.ee\/?page_id=156\" aria-label=\"Read more about Hoolekogu\">Read more<\/a><\/p>\n","protected":false},"author":1,"featured_media":0,"parent":0,"menu_order":0,"comment_status":"closed","ping_status":"closed","template":"","meta":{"footnotes":""},"class_list":["post-156","page","type-page","status-publish"],"_links":{"self":[{"href":"https:\/\/kaali.edu.ee\/index.php?rest_route=\/wp\/v2\/pages\/156","targetHints":{"allow":["GET"]}}],"collection":[{"href":"https:\/\/kaali.edu.ee\/index.php?rest_route=\/wp\/v2\/pages"}],"about":[{"href":"https:\/\/kaali.edu.ee\/index.php?rest_route=\/wp\/v2\/types\/page"}],"author":[{"embeddable":true,"href":"https:\/\/kaali.edu.ee\/index.php?rest_route=\/wp\/v2\/users\/1"}],"replies":[{"embeddable":true,"href":"https:\/\/kaali.edu.ee\/index.php?rest_route=%2Fwp%2Fv2%2Fcomments&post=156"}],"version-history":[{"count":16,"href":"https:\/\/kaali.edu.ee\/index.php?rest_route=\/wp\/v2\/pages\/156\/revisions"}],"predecessor-version":[{"id":642,"href":"https:\/\/kaali.edu.ee\/index.php?rest_route=\/wp\/v2\/pages\/156\/revisions\/642"}],"wp:attachment":[{"href":"https:\/\/kaali.edu.ee\/index.php?rest_route=%2Fwp%2Fv2%2Fmedia&parent=156"}],"curies":[{"name":"wp","href":"https:\/\/api.w.org\/{rel}","templated":true}]}}