{"id":153,"date":"2018-10-23T12:53:49","date_gmt":"2018-10-23T09:53:49","guid":{"rendered":"http:\/\/kaali.edu.ee\/?page_id=153"},"modified":"2025-09-09T09:03:14","modified_gmt":"2025-09-09T06:03:14","slug":"opetajad","status":"publish","type":"page","link":"https:\/\/kaali.edu.ee\/?page_id=153","title":{"rendered":"\u00d5petajad"},"content":{"rendered":"<p><img loading=\"lazy\" decoding=\"async\" class=\"alignnone size-medium wp-image-524\" src=\"https:\/\/kaali.edu.ee\/wp-content\/uploads\/2022\/03\/Kollektiiv-300x217.jpg\" alt=\"\" width=\"300\" height=\"217\" srcset=\"https:\/\/kaali.edu.ee\/wp-content\/uploads\/2022\/03\/Kollektiiv-300x217.jpg 300w, https:\/\/kaali.edu.ee\/wp-content\/uploads\/2022\/03\/Kollektiiv-768x555.jpg 768w, https:\/\/kaali.edu.ee\/wp-content\/uploads\/2022\/03\/Kollektiiv.jpg 900w\" sizes=\"auto, (max-width: 300px) 100vw, 300px\" \/>\u00a0<\/p>\n<table style=\"font-weight: 400; width: 79.6501%; height: 824px;\">\n<tbody>\n<tr style=\"height: 56px;\">\n<td style=\"width: 48.5729%; height: 56px;\" width=\"159\">\n<p>Kristine J\u00e4rsk<\/p>\n<\/td>\n<td style=\"width: 136.634%; height: 56px;\" width=\"162\">\n<p>koolijuht, \u00f5petaja<\/p>\n<\/td>\n<td style=\"width: 71.3119%; height: 56px;\" width=\"283\">\n<p>&nbsp;<\/p>\n<\/td>\n<\/tr>\n<tr>\n<td style=\"width: 48.5729%;\">\n<p>Eerika Sepp<\/p>\n<\/td>\n<td style=\"width: 136.634%;\">\n<p>\u00f5petaja, eripedagoog, logopeed<\/p>\n<\/td>\n<td style=\"width: 71.3119%;\">\n<p>&nbsp;<\/p>\n<\/td>\n<\/tr>\n<tr style=\"height: 56px;\">\n<td style=\"width: 48.5729%; height: 56px;\" width=\"159\">\n<p>Ruth Jasmin<\/p>\n<\/td>\n<td style=\"width: 136.634%; height: 56px;\" width=\"162\">\n<p>\u00f5petaja<\/p>\n<\/td>\n<td style=\"width: 71.3119%; height: 56px;\" width=\"283\">\n<p>&nbsp;<\/p>\n<\/td>\n<\/tr>\n<tr style=\"height: 56px;\">\n<td style=\"width: 48.5729%; height: 56px;\" width=\"159\">\n<p>Anu Tuuling<\/p>\n<\/td>\n<td style=\"width: 136.634%; height: 56px;\" width=\"162\">\n<p>\u00f5petaja<\/p>\n<\/td>\n<td style=\"width: 71.3119%; height: 56px;\" width=\"283\">\n<p>&nbsp;<\/p>\n<\/td>\n<\/tr>\n<tr style=\"height: 56px;\">\n<td style=\"width: 48.5729%; height: 56px;\" width=\"159\">\n<p>Helin M\u00e4gi<\/p>\n<\/td>\n<td style=\"width: 136.634%; height: 56px;\" width=\"162\">\n<p>\u00f5petaja<\/p>\n<\/td>\n<td style=\"width: 71.3119%; height: 56px;\" width=\"283\">\n<p>&nbsp;<\/p>\n<\/td>\n<\/tr>\n<tr style=\"height: 56px;\">\n<td style=\"width: 48.5729%; height: 56px;\" width=\"159\">\n<p>Piret Leiumaa<\/p>\n<\/td>\n<td style=\"width: 136.634%; height: 56px;\" width=\"162\">\n<p>\u00f5petaja<\/p>\n<\/td>\n<td style=\"width: 71.3119%; height: 56px;\" width=\"283\">\n<p>&nbsp;<\/p>\n<\/td>\n<\/tr>\n<tr style=\"height: 56px;\">\n<td style=\"width: 48.5729%; height: 56px;\" width=\"159\">\n<p>Rainer Helde<\/p>\n<\/td>\n<td style=\"width: 136.634%; height: 56px;\" width=\"162\">\n<p>\u00f5petaja<\/p>\n<\/td>\n<td style=\"width: 71.3119%; height: 56px;\" width=\"283\">\n<p>&nbsp;<\/p>\n<\/td>\n<\/tr>\n<tr style=\"height: 96px;\">\n<td style=\"width: 48.5729%; height: 96px;\" width=\"159\">\n<p>Krete Sepp<\/p>\n<\/td>\n<td style=\"width: 136.634%; height: 96px;\" width=\"162\">\n<p>lasteaia\u00f5petaja<\/p>\n<p>\u00f5petaja<\/p>\n<\/td>\n<td style=\"width: 71.3119%; height: 96px;\" width=\"283\">\n<p>&nbsp;<\/p>\n<\/td>\n<\/tr>\n<tr style=\"height: 56px;\">\n<td style=\"width: 48.5729%; height: 56px;\" width=\"159\">\n<p>Kaja Kuusk<\/p>\n<\/td>\n<td style=\"width: 136.634%; height: 56px;\" width=\"162\">\n<p>vanemapuhkusel<\/p>\n<\/td>\n<td style=\"width: 71.3119%; height: 56px;\" width=\"283\">\n<p>&nbsp;<\/p>\n<\/td>\n<\/tr>\n<tr style=\"height: 56px;\">\n<td style=\"width: 48.5729%; height: 56px;\" width=\"159\">\n<p>Maret K\u00fctt<\/p>\n<\/td>\n<td style=\"width: 136.634%; height: 56px;\" width=\"162\">\n<p>lasteaia\u00f5petaja<\/p>\n<\/td>\n<td style=\"width: 71.3119%; height: 56px;\" width=\"283\">\n<p>&nbsp;<\/p>\n<\/td>\n<\/tr>\n<tr style=\"height: 56px;\">\n<td style=\"width: 48.5729%; height: 56px;\" width=\"159\">\n<p>Maio Maripuu<\/p>\n<\/td>\n<td style=\"width: 136.634%; height: 56px;\" width=\"162\">\n<p>lasteaia\u00f5petaja<\/p>\n<\/td>\n<td style=\"width: 71.3119%; height: 56px;\" width=\"283\">\n<p>&nbsp;<\/p>\n<\/td>\n<\/tr>\n<tr style=\"height: 56px;\">\n<td style=\"width: 48.5729%; height: 56px;\" width=\"159\">\n<p>Thea Juht<\/p>\n<\/td>\n<td style=\"width: 136.634%; height: 56px;\" width=\"162\">\n<p>lasteaia\u00f5petaja<\/p>\n<\/td>\n<td style=\"width: 71.3119%; height: 56px;\" width=\"283\">\n<p>&nbsp;<\/p>\n<\/td>\n<\/tr>\n<tr style=\"height: 56px;\">\n<td style=\"width: 48.5729%; height: 56px;\" width=\"159\">\n<p>Airi Sepp<\/p>\n<\/td>\n<td style=\"width: 136.634%; height: 56px;\" width=\"162\">\n<p>lasteaia\u00f5petaja abi<\/p>\n<\/td>\n<td style=\"width: 71.3119%; height: 56px;\" width=\"283\">\n<p>&nbsp;<\/p>\n<\/td>\n<\/tr>\n<tr>\n<td style=\"width: 48.5729%;\">\n<p>Merike Kuusk<\/p>\n<\/td>\n<td style=\"width: 136.634%;\">\n<p>lasteaia\u00f5petaja abi<\/p>\n<\/td>\n<td style=\"width: 71.3119%;\">\n<p>&nbsp;<\/p>\n<\/td>\n<\/tr>\n<tr style=\"height: 56px;\">\n<td style=\"width: 48.5729%; height: 56px;\" width=\"159\">\n<p>Piia Veersalu<\/p>\n<\/td>\n<td style=\"width: 136.634%; height: 56px;\" width=\"162\">\n<p>lasteaia muusika\u00f5petaja<\/p>\n<\/td>\n<td style=\"width: 71.3119%; height: 56px;\" width=\"283\">\n<p>&nbsp;<\/p>\n<\/td>\n<\/tr>\n<\/tbody>\n<\/table>\n<p>&nbsp;<\/p>\n","protected":false},"excerpt":{"rendered":"<p>\u00a0 Kristine J\u00e4rsk koolijuht, \u00f5petaja &nbsp; Eerika Sepp \u00f5petaja, eripedagoog, logopeed &nbsp; Ruth Jasmin \u00f5petaja &nbsp; Anu Tuuling \u00f5petaja &nbsp; Helin M\u00e4gi \u00f5petaja &nbsp; Piret Leiumaa \u00f5petaja &nbsp; Rainer Helde \u00f5petaja &nbsp; Krete Sepp lasteaia\u00f5petaja \u00f5petaja &nbsp; Kaja Kuusk vanemapuhkusel &nbsp; Maret K\u00fctt lasteaia\u00f5petaja &nbsp; Maio Maripuu lasteaia\u00f5petaja &nbsp; Thea Juht lasteaia\u00f5petaja &nbsp; Airi Sepp &#8230; <a title=\"\u00d5petajad\" class=\"read-more\" href=\"https:\/\/kaali.edu.ee\/?page_id=153\" aria-label=\"Read more about \u00d5petajad\">Read more<\/a><\/p>\n","protected":false},"author":1,"featured_media":0,"parent":0,"menu_order":0,"comment_status":"closed","ping_status":"closed","template":"","meta":{"footnotes":""},"class_list":["post-153","page","type-page","status-publish"],"_links":{"self":[{"href":"https:\/\/kaali.edu.ee\/index.php?rest_route=\/wp\/v2\/pages\/153","targetHints":{"allow":["GET"]}}],"collection":[{"href":"https:\/\/kaali.edu.ee\/index.php?rest_route=\/wp\/v2\/pages"}],"about":[{"href":"https:\/\/kaali.edu.ee\/index.php?rest_route=\/wp\/v2\/types\/page"}],"author":[{"embeddable":true,"href":"https:\/\/kaali.edu.ee\/index.php?rest_route=\/wp\/v2\/users\/1"}],"replies":[{"embeddable":true,"href":"https:\/\/kaali.edu.ee\/index.php?rest_route=%2Fwp%2Fv2%2Fcomments&post=153"}],"version-history":[{"count":23,"href":"https:\/\/kaali.edu.ee\/index.php?rest_route=\/wp\/v2\/pages\/153\/revisions"}],"predecessor-version":[{"id":669,"href":"https:\/\/kaali.edu.ee\/index.php?rest_route=\/wp\/v2\/pages\/153\/revisions\/669"}],"wp:attachment":[{"href":"https:\/\/kaali.edu.ee\/index.php?rest_route=%2Fwp%2Fv2%2Fmedia&parent=153"}],"curies":[{"name":"wp","href":"https:\/\/api.w.org\/{rel}","templated":true}]}}