{"id":148,"date":"2018-10-23T12:43:46","date_gmt":"2018-10-23T09:43:46","guid":{"rendered":"http:\/\/kaali.edu.ee\/?page_id=148"},"modified":"2025-12-02T08:30:31","modified_gmt":"2025-12-02T06:30:31","slug":"huvitegevus","status":"publish","type":"page","link":"https:\/\/kaali.edu.ee\/?page_id=148","title":{"rendered":"Huvitegevus"},"content":{"rendered":"<div>\n<h2>Huviringid 2025\/26<\/h2>\n<p>SEPPS\u00a0\u2013 Teisip\u00e4eval\u00a0 kell 13.30 kooli\u00f5pilastele ja kell 15.00 lasteaialastele<\/p>\n<p>Noored Kotkad\u00a0kohtuvad \u00fcks kord kuus<\/p>\n<div>Liiklusring\u00a0jalgratta juhiloa taotlejatele l\u00f5imitud arvuti\u00f5petusega.<\/div>\n<div><b>P\u00e4rimusring<\/b>\u00a0lasteaia J\u00e4rvehaldjate r\u00fchmas teisip\u00e4eviti kell 10.30 ja 1.-2.klassi \u00f5pilastele teisip\u00e4eviti kell 9.30<\/div>\n<div>Teadusring 1.-4.klassile esmasp\u00e4eviti kell 13.00 ja kell 14.00<\/div>\n<div>\u00a0<\/div>\n<h2>Kaali Kooli traditsioonid<\/h2>\n<p>Koolis v\u00e4\u00e4rtustatakse kultuuriharidust- k\u00fclastatakse v\u00f5imalikult palju erinevaid teatrietendusi, n\u00e4ituseid ja v\u00f5imalusel ka kino. Lisaks on koolil palju pikaajalisi traditsioone.<\/p>\n<h4>Kooli\/lasteaia traditsioonilised t\u00e4htp\u00e4evad ja \u00fcritused:<\/h4>\n<ul>\n<li>tarkusep\u00e4eva t\u00e4histamine;<\/li>\n<li>lasteaiaosa s\u00fcnnip\u00e4eva t\u00e4histamine;<\/li>\n<li>spordip\u00e4evad;<\/li>\n<li>\u00f5petajate p\u00e4eva t\u00e4histamine;<\/li>\n<li>kooli s\u00fcnnip\u00e4eva t\u00e4histamine; huvitavad rekordid<\/li>\n<li>vanavanemate n\u00e4dal lasteaias;<\/li>\n<li>isadep\u00e4eva t\u00e4histamine;<\/li>\n<li>mardi \u2013 ja kadrip\u00e4eva t\u00e4histamine;<\/li>\n<li>advendihommik;<\/li>\n<li>p\u00e4kapikun\u00e4dal, j\u00f5ulupidu;<\/li>\n<li>aine- ja teeman\u00e4dalad;<\/li>\n<li>vastlap\u00e4eva t\u00e4histamine;<\/li>\n<li>s\u00f5brap\u00e4eva t\u00e4histamine;<\/li>\n<li>vabariigi aastap\u00e4eva t\u00e4histamine;<\/li>\n<li>emakeelep\u00e4eva t\u00e4histamine;<\/li>\n<li>naistep\u00e4eva t\u00e4histamine;<\/li>\n<li>lihav\u00f5tte m\u00e4ngup\u00e4ev lasteaias;<\/li>\n<li>volbrip\u00e4eva t\u00e4histamine lasteaias;<\/li>\n<li>emadep\u00e4eva t\u00e4histamine lasteaias;<\/li>\n<li>kevadkontsert ja koolilaste l\u00f5puaktus;<\/li>\n<li>kevadkontsert ja lasteaia l\u00f5pupidu<\/li>\n<\/ul>\n<\/div>\n<div>\u00a0<\/div>\n","protected":false},"excerpt":{"rendered":"<p>Huviringid 2025\/26 SEPPS\u00a0\u2013 Teisip\u00e4eval\u00a0 kell 13.30 kooli\u00f5pilastele ja kell 15.00 lasteaialastele Noored Kotkad\u00a0kohtuvad \u00fcks kord kuus Liiklusring\u00a0jalgratta juhiloa taotlejatele l\u00f5imitud arvuti\u00f5petusega. P\u00e4rimusring\u00a0lasteaia J\u00e4rvehaldjate r\u00fchmas teisip\u00e4eviti kell 10.30 ja 1.-2.klassi \u00f5pilastele teisip\u00e4eviti kell 9.30 Teadusring 1.-4.klassile esmasp\u00e4eviti kell 13.00 ja kell 14.00 \u00a0 Kaali Kooli traditsioonid Koolis v\u00e4\u00e4rtustatakse kultuuriharidust- k\u00fclastatakse v\u00f5imalikult palju erinevaid teatrietendusi, n\u00e4ituseid ja &#8230; <a title=\"Huvitegevus\" class=\"read-more\" href=\"https:\/\/kaali.edu.ee\/?page_id=148\" aria-label=\"Read more about Huvitegevus\">Read more<\/a><\/p>\n","protected":false},"author":1,"featured_media":0,"parent":0,"menu_order":0,"comment_status":"closed","ping_status":"closed","template":"","meta":{"footnotes":""},"class_list":["post-148","page","type-page","status-publish"],"_links":{"self":[{"href":"https:\/\/kaali.edu.ee\/index.php?rest_route=\/wp\/v2\/pages\/148","targetHints":{"allow":["GET"]}}],"collection":[{"href":"https:\/\/kaali.edu.ee\/index.php?rest_route=\/wp\/v2\/pages"}],"about":[{"href":"https:\/\/kaali.edu.ee\/index.php?rest_route=\/wp\/v2\/types\/page"}],"author":[{"embeddable":true,"href":"https:\/\/kaali.edu.ee\/index.php?rest_route=\/wp\/v2\/users\/1"}],"replies":[{"embeddable":true,"href":"https:\/\/kaali.edu.ee\/index.php?rest_route=%2Fwp%2Fv2%2Fcomments&post=148"}],"version-history":[{"count":20,"href":"https:\/\/kaali.edu.ee\/index.php?rest_route=\/wp\/v2\/pages\/148\/revisions"}],"predecessor-version":[{"id":684,"href":"https:\/\/kaali.edu.ee\/index.php?rest_route=\/wp\/v2\/pages\/148\/revisions\/684"}],"wp:attachment":[{"href":"https:\/\/kaali.edu.ee\/index.php?rest_route=%2Fwp%2Fv2%2Fmedia&parent=148"}],"curies":[{"name":"wp","href":"https:\/\/api.w.org\/{rel}","templated":true}]}}