{"id":128,"date":"2018-10-23T12:25:13","date_gmt":"2018-10-23T09:25:13","guid":{"rendered":"http:\/\/kaali.edu.ee\/?page_id=128"},"modified":"2025-12-02T08:35:38","modified_gmt":"2025-12-02T06:35:38","slug":"kooli-oppekava","status":"publish","type":"page","link":"https:\/\/kaali.edu.ee\/?page_id=128","title":{"rendered":"Kooli \u00f5ppekava"},"content":{"rendered":"<p><a href=\"https:\/\/kaali.edu.ee\/wp-content\/uploads\/2025\/12\/2024-oppekava-uldosa.pdf\">Kaali Kooli \u00f5ppekava \u00fcldosa<\/a><br \/>\n<a href=\"https:\/\/kaali.edu.ee\/wp-content\/uploads\/2025\/12\/OK-lisa-1_hindamisjuhend-2024.pdf\">Hindamisjuhend<\/a><br \/>\n<a href=\"https:\/\/kaali.edu.ee\/wp-content\/uploads\/2018\/10\/AJALUGU_2015.pdf\" target=\"_blank\" rel=\"noopener noreferrer\">Ajalugu<\/a><br \/>\n<a href=\"https:\/\/kaali.edu.ee\/wp-content\/uploads\/2018\/10\/UHISKONNAPETUS_2015.pdf\" target=\"_blank\" rel=\"noopener noreferrer\">\u00dchiskonna\u00f5petus<\/a><br \/>\n<a href=\"https:\/\/kaali.edu.ee\/wp-content\/uploads\/2018\/10\/MATEMAATIKA_2015.pdf\" target=\"_blank\" rel=\"noopener noreferrer\">Matemaatika<\/a><br \/>\n<a href=\"https:\/\/kaali.edu.ee\/wp-content\/uploads\/2018\/10\/KEEL_JA_KIRJANDUS_2015.pdf\" target=\"_blank\" rel=\"noopener noreferrer\">Eesti keel ja kirjandus<\/a><br \/>\n<a href=\"https:\/\/kaali.edu.ee\/wp-content\/uploads\/2018\/10\/VOORKEELED_2015.pdf\" target=\"_blank\" rel=\"noopener noreferrer\">V\u00f5\u00f5rkeeled<\/a><br \/>\n<a href=\"https:\/\/kaali.edu.ee\/wp-content\/uploads\/2018\/10\/LOODUSPETUS_2015.pdf\" target=\"_blank\" rel=\"noopener noreferrer\">Loodus\u00f5petus<\/a><br \/>\n<a href=\"https:\/\/kaali.edu.ee\/wp-content\/uploads\/2018\/10\/MUUSIKA_2015.pdf\" target=\"_blank\" rel=\"noopener noreferrer\">Muusika<\/a><br \/>\n<a href=\"https:\/\/kaali.edu.ee\/wp-content\/uploads\/2018\/10\/KEHALINE_kasvatus_2015.pdf\" target=\"_blank\" rel=\"noopener noreferrer\">Kehaline kasvatus<\/a><br \/>\n<a href=\"https:\/\/kaali.edu.ee\/wp-content\/uploads\/2018\/10\/TEHNOLOOGIAOPETUS.pdf\" target=\"_blank\" rel=\"noopener noreferrer\">Tehnoloogia\u00f5petus<\/a><br \/>\n<a href=\"https:\/\/kaali.edu.ee\/wp-content\/uploads\/2018\/10\/INFORMAATIKA_2015.pdf\" target=\"_blank\" rel=\"noopener noreferrer\">Informaatika<\/a><br \/>\n<a href=\"https:\/\/kaali.edu.ee\/wp-content\/uploads\/2018\/10\/VALIKAINE_RATSUTAMISE_OPETUS_2015.pdf\" target=\"_blank\" rel=\"noopener noreferrer\">Ratsutamine<\/a><br \/>\n<a href=\"https:\/\/kaali.edu.ee\/wp-content\/uploads\/2018\/10\/KUNSTIOPETUS_2015.pdf\" target=\"_blank\" rel=\"noopener noreferrer\">Kunsti\u00f5petus<\/a><\/p>\n","protected":false},"excerpt":{"rendered":"<p>Kaali Kooli \u00f5ppekava \u00fcldosa Hindamisjuhend Ajalugu \u00dchiskonna\u00f5petus Matemaatika Eesti keel ja kirjandus V\u00f5\u00f5rkeeled Loodus\u00f5petus Muusika Kehaline kasvatus Tehnoloogia\u00f5petus Informaatika Ratsutamine Kunsti\u00f5petus<\/p>\n","protected":false},"author":1,"featured_media":0,"parent":0,"menu_order":0,"comment_status":"closed","ping_status":"closed","template":"","meta":{"footnotes":""},"class_list":["post-128","page","type-page","status-publish"],"_links":{"self":[{"href":"https:\/\/kaali.edu.ee\/index.php?rest_route=\/wp\/v2\/pages\/128","targetHints":{"allow":["GET"]}}],"collection":[{"href":"https:\/\/kaali.edu.ee\/index.php?rest_route=\/wp\/v2\/pages"}],"about":[{"href":"https:\/\/kaali.edu.ee\/index.php?rest_route=\/wp\/v2\/types\/page"}],"author":[{"embeddable":true,"href":"https:\/\/kaali.edu.ee\/index.php?rest_route=\/wp\/v2\/users\/1"}],"replies":[{"embeddable":true,"href":"https:\/\/kaali.edu.ee\/index.php?rest_route=%2Fwp%2Fv2%2Fcomments&post=128"}],"version-history":[{"count":7,"href":"https:\/\/kaali.edu.ee\/index.php?rest_route=\/wp\/v2\/pages\/128\/revisions"}],"predecessor-version":[{"id":688,"href":"https:\/\/kaali.edu.ee\/index.php?rest_route=\/wp\/v2\/pages\/128\/revisions\/688"}],"wp:attachment":[{"href":"https:\/\/kaali.edu.ee\/index.php?rest_route=%2Fwp%2Fv2%2Fmedia&parent=128"}],"curies":[{"name":"wp","href":"https:\/\/api.w.org\/{rel}","templated":true}]}}