{"id":114,"date":"2018-10-23T11:27:29","date_gmt":"2018-10-23T08:27:29","guid":{"rendered":"http:\/\/kaali.edu.ee\/?page_id=114"},"modified":"2018-10-29T12:29:43","modified_gmt":"2018-10-29T10:29:43","slug":"kohustuslik-kirjandus","status":"publish","type":"page","link":"https:\/\/kaali.edu.ee\/?page_id=114","title":{"rendered":"Kohustuslik kirjandus"},"content":{"rendered":"<h2><strong>KOHUSTUSLIK KIRJANDUS 5. klass<\/strong><\/h2>\n<ul>\n<li>A. Lindgren \u201eMeisterdetektiiv Blomkvist\u201d<\/li>\n<li>I. Tomusk \u201eKriminaalne koolipapa. Viienda A kriminalistid\u201d<\/li>\n<li>J. R. Rowling \u201e Harry Potter ja tarkade kivi\u201d<\/li>\n<li>A. Jakobson, S. Olsson \u201eBerti p\u00e4evik\u201d<\/li>\n<\/ul>\n<h3>Soovituslik<\/h3>\n<ul>\n<li>R. Dahl \u201eMatilda&#8221;<\/li>\n<li>K. Kass \u201eN\u00f5ianeiu N\u00f6binina\u201d<\/li>\n<li>A. Kivir\u00e4hk \u201eSirli, Siim ja saladused\u201d<\/li>\n<li>E. K\u00e4stner \u201eVeel \u00fcks Lotte&#8221;<\/li>\n<li>C. S. Lewis \u201eNarnia kroonikad. L\u00f5vi, n\u00f5id ja riidekapp\u201d<\/li>\n<li>A. Lindgren \u201eHulkur Rasmus&#8221;<\/li>\n<li>A. Lindgren \u201eR\u00f6\u00f6vlit\u00fctar Ronja&#8221;<\/li>\n<li>A. Pervik \u201eArabella, merer\u00f6\u00f6vli t\u00fctar&#8221;<\/li>\n<li>O. Preussler \u201eV\u00e4ike n\u00f5id&#8221;<\/li>\n<li>S. Rannamaa \u201eKadri&#8221;<\/li>\n<li>J. Rannap \u201eNelja nimega koer&#8221;<\/li>\n<li>E. Raud \u201eRoostevaba m\u00f5\u00f5k\u201d<\/li>\n<li>K. Reimus \u201eHaldjatants&#8221;<\/li>\n<li>R. R. Russell \u201eLuuseri p\u00e4evik\u201d<\/li>\n<li>P. L. Travers \u201eMary Poppins&#8221;<\/li>\n<\/ul>\n<h2><strong>KOHUSTUSLIK KIRJANDUS 6. klass<\/strong><\/h2>\n<ul>\n<li>E. Kippel \u201eMeelis&#8221;<\/li>\n<li>c. N\u00f6stlinger \u201eVahetuslaps\u201d<\/li>\n<li>A. Pervik \u201eArabella, merer\u00f6\u00f6vlit\u00fctar\u201d<\/li>\n<li>O. Preussler \u201eKrabat&#8221;<\/li>\n<\/ul>\n<h3><strong>Soovituslik<\/strong><\/h3>\n<ul>\n<li>D. Defoe \u201eRobinson Crusoe\u201d<\/li>\n<li>A. Kass \u201ePahupidi puhkus\u201d<\/li>\n<li>M. Ker\u00e4nen \u201eVana roosa maja\u201d<\/li>\n<li>E. Knight &#8221; Lassie tuleb ikka koju&#8221;<\/li>\n<li>S. Kolu \u201eMeie, r\u00f6\u00f6belid\u201d<\/li>\n<li>J. Kr\u00fcss &#8221; Timm Thaler ehk M\u00fc\u00fcdud naer&#8221;<\/li>\n<li>M. Kupinskaja \u201eMinu Alaska\u201d<\/li>\n<li>E. Laidsaar &#8220;Kapten Tuks&#8221;<\/li>\n<li>A. Lindgren &#8221; Vennad L\u00f5vis\u00fcdamed&#8221;<\/li>\n<li>F. Molnar &#8221; Pal t\u00e4nava poisid&#8221;<\/li>\n<li>E. Nesbit &#8220;F\u00f6\u00f6niks ja vaip&#8221;<\/li>\n<li>C. Paolini &#8220;Eragon&#8221;<\/li>\n<li>T. Pratchett \u201eK\u00fcbarat\u00e4is taevast. Kettamaailma lugu\u201d<\/li>\n<li>J. K. Rowling &#8220;Harry Potter ja saladuste kamber&#8221;<\/li>\n<li>M. Twain &#8220;Tom Sawyeri seiklused&#8221;<\/li>\n<\/ul>\n","protected":false},"excerpt":{"rendered":"<p>KOHUSTUSLIK KIRJANDUS 5. klass A. Lindgren \u201eMeisterdetektiiv Blomkvist\u201d I. Tomusk \u201eKriminaalne koolipapa. Viienda A kriminalistid\u201d J. R. Rowling \u201e Harry Potter ja tarkade kivi\u201d A. Jakobson, S. Olsson \u201eBerti p\u00e4evik\u201d Soovituslik R. Dahl \u201eMatilda&#8221; K. Kass \u201eN\u00f5ianeiu N\u00f6binina\u201d A. Kivir\u00e4hk \u201eSirli, Siim ja saladused\u201d E. K\u00e4stner \u201eVeel \u00fcks Lotte&#8221; C. S. Lewis \u201eNarnia kroonikad. L\u00f5vi, &#8230; <a title=\"Kohustuslik kirjandus\" class=\"read-more\" href=\"https:\/\/kaali.edu.ee\/?page_id=114\" aria-label=\"Read more about Kohustuslik kirjandus\">Read more<\/a><\/p>\n","protected":false},"author":1,"featured_media":0,"parent":0,"menu_order":0,"comment_status":"closed","ping_status":"closed","template":"","meta":{"footnotes":""},"class_list":["post-114","page","type-page","status-publish"],"_links":{"self":[{"href":"https:\/\/kaali.edu.ee\/index.php?rest_route=\/wp\/v2\/pages\/114","targetHints":{"allow":["GET"]}}],"collection":[{"href":"https:\/\/kaali.edu.ee\/index.php?rest_route=\/wp\/v2\/pages"}],"about":[{"href":"https:\/\/kaali.edu.ee\/index.php?rest_route=\/wp\/v2\/types\/page"}],"author":[{"embeddable":true,"href":"https:\/\/kaali.edu.ee\/index.php?rest_route=\/wp\/v2\/users\/1"}],"replies":[{"embeddable":true,"href":"https:\/\/kaali.edu.ee\/index.php?rest_route=%2Fwp%2Fv2%2Fcomments&post=114"}],"version-history":[{"count":3,"href":"https:\/\/kaali.edu.ee\/index.php?rest_route=\/wp\/v2\/pages\/114\/revisions"}],"predecessor-version":[{"id":266,"href":"https:\/\/kaali.edu.ee\/index.php?rest_route=\/wp\/v2\/pages\/114\/revisions\/266"}],"wp:attachment":[{"href":"https:\/\/kaali.edu.ee\/index.php?rest_route=%2Fwp%2Fv2%2Fmedia&parent=114"}],"curies":[{"name":"wp","href":"https:\/\/api.w.org\/{rel}","templated":true}]}}