{"id":109,"date":"2018-10-23T10:35:36","date_gmt":"2018-10-23T07:35:36","guid":{"rendered":"http:\/\/kaali.edu.ee\/?page_id=109"},"modified":"2025-09-10T15:13:57","modified_gmt":"2025-09-10T12:13:57","slug":"konsultatsioonid","status":"publish","type":"page","link":"https:\/\/kaali.edu.ee\/?page_id=109","title":{"rendered":"Konsultatsioonid"},"content":{"rendered":"<table width=\"643\" cellspacing=\"0\" cellpadding=\"4\">\n<tbody>\n<tr valign=\"top\">\n<td width=\"98\">\u00a0<\/td>\n<td width=\"99\">\n<p align=\"center\"><i><b>ESMASP\u00c4EV<\/b><\/i><\/p>\n<\/td>\n<td width=\"96\">\n<p align=\"center\"><i><b>TEISIP\u00c4EV<\/b><\/i><\/p>\n<\/td>\n<td width=\"102\">\n<p align=\"center\"><i><b>KOLMAP\u00c4EV<\/b><\/i><\/p>\n<\/td>\n<td width=\"99\">\n<p align=\"center\"><i><b>NELJAP\u00c4EV<\/b><\/i><\/p>\n<\/td>\n<td width=\"99\">\n<p align=\"center\"><i><b>REEDE<\/b><\/i><\/p>\n<\/td>\n<\/tr>\n<tr valign=\"top\">\n<td width=\"98\">\n<p>Rainer Helde<\/p>\n<\/td>\n<td width=\"99\">\n<p>kokkuleppel<\/p>\n<\/td>\n<td width=\"96\">\u00a0<\/td>\n<td width=\"102\">\n<p>kokkuleppel<\/p>\n<\/td>\n<td width=\"99\">\n<p>kokkuleppel<\/p>\n<\/td>\n<td width=\"99\">\u00a0<\/td>\n<\/tr>\n<tr valign=\"top\">\n<td width=\"98\">\n<p>Kristine J\u00e4rsk<\/p>\n<\/td>\n<td width=\"99\">\n<p>kokkuleppel<\/p>\n<\/td>\n<td width=\"96\">\n<p>kokkuleppel<\/p>\n<\/td>\n<td width=\"102\">\n<p>kokkuleppel<\/p>\n<\/td>\n<td width=\"99\">\u00a0<\/td>\n<td width=\"99\">\u00a0<\/td>\n<\/tr>\n<tr valign=\"top\">\n<td width=\"98\">\n<p>Piret Leiumaa<\/p>\n<\/td>\n<td width=\"99\">\u00a0<\/td>\n<td width=\"96\">\u00a0<\/td>\n<td width=\"102\">\n<p>kokkuleppel<\/p>\n<\/td>\n<td width=\"99\">\n<p>kokkuleppel<\/p>\n<\/td>\n<td width=\"99\">\u00a0<\/td>\n<\/tr>\n<tr valign=\"top\">\n<td width=\"98\">\n<p>Helin M\u00e4gi<\/p>\n<\/td>\n<td width=\"99\">\u00a0<\/td>\n<td width=\"96\">\n<p>kokkuleppel<\/p>\n<\/td>\n<td width=\"102\">\n<p>kokkuleppel<\/p>\n<\/td>\n<td width=\"99\">\n<p>kokkuleppel<\/p>\n<\/td>\n<td width=\"99\">\u00a0<\/td>\n<\/tr>\n<tr valign=\"top\">\n<td width=\"98\">\n<p>Ruth Jasmin<\/p>\n<\/td>\n<td width=\"99\">\n<p>kokkuleppel<\/p>\n<\/td>\n<td width=\"96\">\n<p>kokkuleppel<\/p>\n<\/td>\n<td width=\"102\">\n<p>kokkuleppel<\/p>\n<\/td>\n<td width=\"99\">\u00a0<\/td>\n<td width=\"99\">\u00a0<\/td>\n<\/tr>\n<tr valign=\"top\">\n<td width=\"98\">\n<p>Anu Tuuling<\/p>\n<\/td>\n<td width=\"99\">\n<p>kokkuleppel<\/p>\n<\/td>\n<td width=\"96\">\n<p>kokkuleppel<\/p>\n<\/td>\n<td width=\"102\">\n<p>kokkuleppel<\/p>\n<\/td>\n<td width=\"99\">\n<p>kokkuleppel<\/p>\n<\/td>\n<td width=\"99\">\u00a0<\/td>\n<\/tr>\n<tr valign=\"top\">\n<td width=\"98\">\n<p>Eerika Sepp<\/p>\n<\/td>\n<td width=\"99\">\n<p>kokkuleppel<\/p>\n<\/td>\n<td width=\"96\">\n<p>kokkuleppel<\/p>\n<\/td>\n<td width=\"102\">\n<p>kokkuleppel<\/p>\n<\/td>\n<td width=\"99\">\n<p><a name=\"_GoBack\"><\/a> kokkuleppel<\/p>\n<\/td>\n<td width=\"99\">\u00a0<\/td>\n<\/tr>\n<tr valign=\"top\">\n<td width=\"98\">\n<p>Krete Sepp<\/p>\n<\/td>\n<td width=\"99\">\u00a0<\/td>\n<td width=\"96\">\n<p>kokkuleppel<\/p>\n<\/td>\n<td width=\"102\">\u00a0<\/td>\n<td width=\"99\">\u00a0<\/td>\n<td width=\"99\">\u00a0<\/td>\n<\/tr>\n<\/tbody>\n<\/table>\n","protected":false},"excerpt":{"rendered":"<p>\u00a0 ESMASP\u00c4EV TEISIP\u00c4EV KOLMAP\u00c4EV NELJAP\u00c4EV REEDE Rainer Helde kokkuleppel \u00a0 kokkuleppel kokkuleppel \u00a0 Kristine J\u00e4rsk kokkuleppel kokkuleppel kokkuleppel \u00a0 \u00a0 Piret Leiumaa \u00a0 \u00a0 kokkuleppel kokkuleppel \u00a0 Helin M\u00e4gi \u00a0 kokkuleppel kokkuleppel kokkuleppel \u00a0 Ruth Jasmin kokkuleppel kokkuleppel kokkuleppel \u00a0 \u00a0 Anu Tuuling kokkuleppel kokkuleppel kokkuleppel kokkuleppel \u00a0 Eerika Sepp kokkuleppel kokkuleppel kokkuleppel kokkuleppel \u00a0 &#8230; <a title=\"Konsultatsioonid\" class=\"read-more\" href=\"https:\/\/kaali.edu.ee\/?page_id=109\" aria-label=\"Read more about Konsultatsioonid\">Read more<\/a><\/p>\n","protected":false},"author":1,"featured_media":0,"parent":0,"menu_order":0,"comment_status":"closed","ping_status":"closed","template":"","meta":{"footnotes":""},"class_list":["post-109","page","type-page","status-publish"],"_links":{"self":[{"href":"https:\/\/kaali.edu.ee\/index.php?rest_route=\/wp\/v2\/pages\/109","targetHints":{"allow":["GET"]}}],"collection":[{"href":"https:\/\/kaali.edu.ee\/index.php?rest_route=\/wp\/v2\/pages"}],"about":[{"href":"https:\/\/kaali.edu.ee\/index.php?rest_route=\/wp\/v2\/types\/page"}],"author":[{"embeddable":true,"href":"https:\/\/kaali.edu.ee\/index.php?rest_route=\/wp\/v2\/users\/1"}],"replies":[{"embeddable":true,"href":"https:\/\/kaali.edu.ee\/index.php?rest_route=%2Fwp%2Fv2%2Fcomments&post=109"}],"version-history":[{"count":6,"href":"https:\/\/kaali.edu.ee\/index.php?rest_route=\/wp\/v2\/pages\/109\/revisions"}],"predecessor-version":[{"id":674,"href":"https:\/\/kaali.edu.ee\/index.php?rest_route=\/wp\/v2\/pages\/109\/revisions\/674"}],"wp:attachment":[{"href":"https:\/\/kaali.edu.ee\/index.php?rest_route=%2Fwp%2Fv2%2Fmedia&parent=109"}],"curies":[{"name":"wp","href":"https:\/\/api.w.org\/{rel}","templated":true}]}}